{"id":1428,"date":"2023-09-28T05:53:35","date_gmt":"2023-09-28T05:53:35","guid":{"rendered":"https:\/\/puzzleescaperooms.be\/actualites\/"},"modified":"2023-09-28T05:53:35","modified_gmt":"2023-09-28T05:53:35","slug":"actualites","status":"publish","type":"page","link":"http:\/\/puzzleescaperooms.be\/fr\/actualites\/","title":{"rendered":"Actualit\u00e9s"},"content":{"rendered":"","protected":false},"excerpt":{"rendered":"","protected":false},"author":1,"featured_media":0,"parent":0,"menu_order":0,"comment_status":"closed","ping_status":"closed","template":"template-blog.php","meta":{"_acf_changed":false,"footnotes":""},"class_list":["post-1428","page","type-page","status-publish","hentry"],"acf":[],"yoast_head":"<!-- This site is optimized with the Yoast SEO plugin v27.0 - https:\/\/yoast.com\/product\/yoast-seo-wordpress\/ -->\n<title>Actualit\u00e9s - Puzzle Escape Rooms<\/title>\n<meta name=\"description\" content=\"Restez \u00e0 l&#039;\u00e9coute pour conna\u00eetre les derni\u00e8res nouvelles, les mises \u00e0 jour et les \u00e9v\u00e9nements de Puzzle Escape Rooms. Ne manquez aucune annonce ou promotion sp\u00e9ciale.\" \/>\n<meta name=\"robots\" content=\"index, follow, max-snippet:-1, max-image-preview:large, max-video-preview:-1\" \/>\n<link rel=\"canonical\" href=\"http:\/\/puzzleescaperooms.be\/fr\/actualites\/\" \/>\n<meta property=\"og:locale\" content=\"fr_FR\" \/>\n<meta property=\"og:type\" content=\"article\" \/>\n<meta property=\"og:title\" content=\"Actualit\u00e9s - Puzzle Escape Rooms\" \/>\n<meta property=\"og:description\" content=\"Restez \u00e0 l&#039;\u00e9coute pour conna\u00eetre les derni\u00e8res nouvelles, les mises \u00e0 jour et les \u00e9v\u00e9nements de Puzzle Escape Rooms. Ne manquez aucune annonce ou promotion sp\u00e9ciale.\" \/>\n<meta property=\"og:url\" content=\"http:\/\/puzzleescaperooms.be\/fr\/actualites\/\" \/>\n<meta property=\"og:site_name\" content=\"Puzzle Escape Rooms\" \/>\n<meta property=\"article:publisher\" content=\"https:\/\/www.facebook.com\/PuzzleEscaperooms\/\" \/>\n<meta name=\"twitter:card\" content=\"summary_large_image\" \/>\n<script type=\"application\/ld+json\" class=\"yoast-schema-graph\">{\"@context\":\"https:\/\/schema.org\",\"@graph\":[{\"@type\":\"WebPage\",\"@id\":\"http:\/\/puzzleescaperooms.be\/fr\/actualites\/\",\"url\":\"http:\/\/puzzleescaperooms.be\/fr\/actualites\/\",\"name\":\"Actualit\u00e9s - Puzzle Escape Rooms\",\"isPartOf\":{\"@id\":\"https:\/\/puzzleescaperooms.be\/fr\/#website\"},\"datePublished\":\"2023-09-28T05:53:35+00:00\",\"description\":\"Restez \u00e0 l'\u00e9coute pour conna\u00eetre les derni\u00e8res nouvelles, les mises \u00e0 jour et les \u00e9v\u00e9nements de Puzzle Escape Rooms. Ne manquez aucune annonce ou promotion sp\u00e9ciale.\",\"breadcrumb\":{\"@id\":\"http:\/\/puzzleescaperooms.be\/fr\/actualites\/#breadcrumb\"},\"inLanguage\":\"fr-FR\",\"potentialAction\":[{\"@type\":\"ReadAction\",\"target\":[\"http:\/\/puzzleescaperooms.be\/fr\/actualites\/\"]}]},{\"@type\":\"BreadcrumbList\",\"@id\":\"http:\/\/puzzleescaperooms.be\/fr\/actualites\/#breadcrumb\",\"itemListElement\":[{\"@type\":\"ListItem\",\"position\":1,\"name\":\"Home\",\"item\":\"https:\/\/puzzleescaperooms.be\/fr\/\"},{\"@type\":\"ListItem\",\"position\":2,\"name\":\"Actualit\u00e9s\"}]},{\"@type\":\"WebSite\",\"@id\":\"https:\/\/puzzleescaperooms.be\/fr\/#website\",\"url\":\"https:\/\/puzzleescaperooms.be\/fr\/\",\"name\":\"Puzzle Escape Rooms\",\"description\":\"\",\"publisher\":{\"@id\":\"https:\/\/puzzleescaperooms.be\/fr\/#organization\"},\"potentialAction\":[{\"@type\":\"SearchAction\",\"target\":{\"@type\":\"EntryPoint\",\"urlTemplate\":\"https:\/\/puzzleescaperooms.be\/fr\/?s={search_term_string}\"},\"query-input\":{\"@type\":\"PropertyValueSpecification\",\"valueRequired\":true,\"valueName\":\"search_term_string\"}}],\"inLanguage\":\"fr-FR\"},{\"@type\":\"Organization\",\"@id\":\"https:\/\/puzzleescaperooms.be\/fr\/#organization\",\"name\":\"Puzzleescaperooms\",\"url\":\"https:\/\/puzzleescaperooms.be\/fr\/\",\"logo\":{\"@type\":\"ImageObject\",\"inLanguage\":\"fr-FR\",\"@id\":\"https:\/\/puzzleescaperooms.be\/fr\/#\/schema\/logo\/image\/\",\"url\":\"https:\/\/puzzleescaperooms.be\/wp-content\/uploads\/2023\/10\/logo.svg\",\"contentUrl\":\"https:\/\/puzzleescaperooms.be\/wp-content\/uploads\/2023\/10\/logo.svg\",\"caption\":\"Puzzleescaperooms\"},\"image\":{\"@id\":\"https:\/\/puzzleescaperooms.be\/fr\/#\/schema\/logo\/image\/\"},\"sameAs\":[\"https:\/\/www.facebook.com\/PuzzleEscaperooms\/\",\"https:\/\/www.instagram.com\/puzzle_escaperooms\/\",\"https:\/\/www.linkedin.com\/company\/puzzle-activities\/\",\"https:\/\/www.youtube.com\/channel\/UCrn10bPZFZYvqzXaRMjY3Gw\",\"https:\/\/www.tripadvisor.com\/Attraction_Review-g188666-d10063770-Reviews-Puzzle_Escape_Rooms_Ghent-Ghent_East_Flanders_Province.html\"]}]}<\/script>\n<!-- \/ Yoast SEO plugin. -->","yoast_head_json":{"title":"Actualit\u00e9s - Puzzle Escape Rooms","description":"Restez \u00e0 l'\u00e9coute pour conna\u00eetre les derni\u00e8res nouvelles, les mises \u00e0 jour et les \u00e9v\u00e9nements de Puzzle Escape Rooms. Ne manquez aucune annonce ou promotion sp\u00e9ciale.","robots":{"index":"index","follow":"follow","max-snippet":"max-snippet:-1","max-image-preview":"max-image-preview:large","max-video-preview":"max-video-preview:-1"},"canonical":"http:\/\/puzzleescaperooms.be\/fr\/actualites\/","og_locale":"fr_FR","og_type":"article","og_title":"Actualit\u00e9s - Puzzle Escape Rooms","og_description":"Restez \u00e0 l'\u00e9coute pour conna\u00eetre les derni\u00e8res nouvelles, les mises \u00e0 jour et les \u00e9v\u00e9nements de Puzzle Escape Rooms. Ne manquez aucune annonce ou promotion sp\u00e9ciale.","og_url":"http:\/\/puzzleescaperooms.be\/fr\/actualites\/","og_site_name":"Puzzle Escape Rooms","article_publisher":"https:\/\/www.facebook.com\/PuzzleEscaperooms\/","twitter_card":"summary_large_image","schema":{"@context":"https:\/\/schema.org","@graph":[{"@type":"WebPage","@id":"http:\/\/puzzleescaperooms.be\/fr\/actualites\/","url":"http:\/\/puzzleescaperooms.be\/fr\/actualites\/","name":"Actualit\u00e9s - Puzzle Escape Rooms","isPartOf":{"@id":"https:\/\/puzzleescaperooms.be\/fr\/#website"},"datePublished":"2023-09-28T05:53:35+00:00","description":"Restez \u00e0 l'\u00e9coute pour conna\u00eetre les derni\u00e8res nouvelles, les mises \u00e0 jour et les \u00e9v\u00e9nements de Puzzle Escape Rooms. Ne manquez aucune annonce ou promotion sp\u00e9ciale.","breadcrumb":{"@id":"http:\/\/puzzleescaperooms.be\/fr\/actualites\/#breadcrumb"},"inLanguage":"fr-FR","potentialAction":[{"@type":"ReadAction","target":["http:\/\/puzzleescaperooms.be\/fr\/actualites\/"]}]},{"@type":"BreadcrumbList","@id":"http:\/\/puzzleescaperooms.be\/fr\/actualites\/#breadcrumb","itemListElement":[{"@type":"ListItem","position":1,"name":"Home","item":"https:\/\/puzzleescaperooms.be\/fr\/"},{"@type":"ListItem","position":2,"name":"Actualit\u00e9s"}]},{"@type":"WebSite","@id":"https:\/\/puzzleescaperooms.be\/fr\/#website","url":"https:\/\/puzzleescaperooms.be\/fr\/","name":"Puzzle Escape Rooms","description":"","publisher":{"@id":"https:\/\/puzzleescaperooms.be\/fr\/#organization"},"potentialAction":[{"@type":"SearchAction","target":{"@type":"EntryPoint","urlTemplate":"https:\/\/puzzleescaperooms.be\/fr\/?s={search_term_string}"},"query-input":{"@type":"PropertyValueSpecification","valueRequired":true,"valueName":"search_term_string"}}],"inLanguage":"fr-FR"},{"@type":"Organization","@id":"https:\/\/puzzleescaperooms.be\/fr\/#organization","name":"Puzzleescaperooms","url":"https:\/\/puzzleescaperooms.be\/fr\/","logo":{"@type":"ImageObject","inLanguage":"fr-FR","@id":"https:\/\/puzzleescaperooms.be\/fr\/#\/schema\/logo\/image\/","url":"https:\/\/puzzleescaperooms.be\/wp-content\/uploads\/2023\/10\/logo.svg","contentUrl":"https:\/\/puzzleescaperooms.be\/wp-content\/uploads\/2023\/10\/logo.svg","caption":"Puzzleescaperooms"},"image":{"@id":"https:\/\/puzzleescaperooms.be\/fr\/#\/schema\/logo\/image\/"},"sameAs":["https:\/\/www.facebook.com\/PuzzleEscaperooms\/","https:\/\/www.instagram.com\/puzzle_escaperooms\/","https:\/\/www.linkedin.com\/company\/puzzle-activities\/","https:\/\/www.youtube.com\/channel\/UCrn10bPZFZYvqzXaRMjY3Gw","https:\/\/www.tripadvisor.com\/Attraction_Review-g188666-d10063770-Reviews-Puzzle_Escape_Rooms_Ghent-Ghent_East_Flanders_Province.html"]}]}},"_links":{"self":[{"href":"https:\/\/puzzleescaperooms.be\/fr\/wp-json\/wp\/v2\/pages\/1428","targetHints":{"allow":["GET"]}}],"collection":[{"href":"https:\/\/puzzleescaperooms.be\/fr\/wp-json\/wp\/v2\/pages"}],"about":[{"href":"https:\/\/puzzleescaperooms.be\/fr\/wp-json\/wp\/v2\/types\/page"}],"author":[{"embeddable":true,"href":"https:\/\/puzzleescaperooms.be\/fr\/wp-json\/wp\/v2\/users\/1"}],"replies":[{"embeddable":true,"href":"https:\/\/puzzleescaperooms.be\/fr\/wp-json\/wp\/v2\/comments?post=1428"}],"version-history":[{"count":0,"href":"https:\/\/puzzleescaperooms.be\/fr\/wp-json\/wp\/v2\/pages\/1428\/revisions"}],"wp:attachment":[{"href":"https:\/\/puzzleescaperooms.be\/fr\/wp-json\/wp\/v2\/media?parent=1428"}],"curies":[{"name":"wp","href":"https:\/\/api.w.org\/{rel}","templated":true}]}}