{"id":1409,"date":"2023-11-30T09:56:31","date_gmt":"2023-11-30T09:56:31","guid":{"rendered":"https:\/\/puzzleescaperooms.be\/escape-rooms\/"},"modified":"2023-11-30T09:56:31","modified_gmt":"2023-11-30T09:56:31","slug":"escape-rooms","status":"publish","type":"page","link":"http:\/\/puzzleescaperooms.be\/fr\/escape-rooms\/","title":{"rendered":"Escape rooms"},"content":{"rendered":"","protected":false},"excerpt":{"rendered":"","protected":false},"author":1,"featured_media":0,"parent":0,"menu_order":0,"comment_status":"closed","ping_status":"closed","template":"template-escaperoom.php","meta":{"_acf_changed":false,"footnotes":""},"class_list":["post-1409","page","type-page","status-publish","hentry"],"acf":[],"yoast_head":"<!-- This site is optimized with the Yoast SEO plugin v27.0 - https:\/\/yoast.com\/product\/yoast-seo-wordpress\/ -->\n<title>Escape rooms - Puzzle Escape Rooms<\/title>\n<meta name=\"description\" content=\"Plongez dans un monde d&#039;\u00e9nigmes et de myst\u00e8res aux Puzzle Escape Rooms. Choisissez parmi une vari\u00e9t\u00e9 de th\u00e8mes et de d\u00e9fis pour une activit\u00e9 de groupe inoubliable.\" \/>\n<meta name=\"robots\" content=\"index, follow, max-snippet:-1, max-image-preview:large, max-video-preview:-1\" \/>\n<link rel=\"canonical\" href=\"http:\/\/puzzleescaperooms.be\/fr\/escape-rooms\/\" \/>\n<meta property=\"og:locale\" content=\"fr_FR\" \/>\n<meta property=\"og:type\" content=\"article\" \/>\n<meta property=\"og:title\" content=\"Escape rooms - Puzzle Escape Rooms\" \/>\n<meta property=\"og:description\" content=\"Plongez dans un monde d&#039;\u00e9nigmes et de myst\u00e8res aux Puzzle Escape Rooms. Choisissez parmi une vari\u00e9t\u00e9 de th\u00e8mes et de d\u00e9fis pour une activit\u00e9 de groupe inoubliable.\" \/>\n<meta property=\"og:url\" content=\"http:\/\/puzzleescaperooms.be\/fr\/escape-rooms\/\" \/>\n<meta property=\"og:site_name\" content=\"Puzzle Escape Rooms\" \/>\n<meta property=\"article:publisher\" content=\"https:\/\/www.facebook.com\/PuzzleEscaperooms\/\" \/>\n<meta name=\"twitter:card\" content=\"summary_large_image\" \/>\n<script type=\"application\/ld+json\" class=\"yoast-schema-graph\">{\"@context\":\"https:\/\/schema.org\",\"@graph\":[{\"@type\":\"WebPage\",\"@id\":\"http:\/\/puzzleescaperooms.be\/fr\/escape-rooms\/\",\"url\":\"http:\/\/puzzleescaperooms.be\/fr\/escape-rooms\/\",\"name\":\"Escape rooms - Puzzle Escape Rooms\",\"isPartOf\":{\"@id\":\"https:\/\/puzzleescaperooms.be\/fr\/#website\"},\"datePublished\":\"2023-11-30T09:56:31+00:00\",\"description\":\"Plongez dans un monde d'\u00e9nigmes et de myst\u00e8res aux Puzzle Escape Rooms. Choisissez parmi une vari\u00e9t\u00e9 de th\u00e8mes et de d\u00e9fis pour une activit\u00e9 de groupe inoubliable.\",\"breadcrumb\":{\"@id\":\"http:\/\/puzzleescaperooms.be\/fr\/escape-rooms\/#breadcrumb\"},\"inLanguage\":\"fr-FR\",\"potentialAction\":[{\"@type\":\"ReadAction\",\"target\":[\"http:\/\/puzzleescaperooms.be\/fr\/escape-rooms\/\"]}]},{\"@type\":\"BreadcrumbList\",\"@id\":\"http:\/\/puzzleescaperooms.be\/fr\/escape-rooms\/#breadcrumb\",\"itemListElement\":[{\"@type\":\"ListItem\",\"position\":1,\"name\":\"Home\",\"item\":\"https:\/\/puzzleescaperooms.be\/fr\/\"},{\"@type\":\"ListItem\",\"position\":2,\"name\":\"Escape rooms\"}]},{\"@type\":\"WebSite\",\"@id\":\"https:\/\/puzzleescaperooms.be\/fr\/#website\",\"url\":\"https:\/\/puzzleescaperooms.be\/fr\/\",\"name\":\"Puzzle Escape Rooms\",\"description\":\"\",\"publisher\":{\"@id\":\"https:\/\/puzzleescaperooms.be\/fr\/#organization\"},\"potentialAction\":[{\"@type\":\"SearchAction\",\"target\":{\"@type\":\"EntryPoint\",\"urlTemplate\":\"https:\/\/puzzleescaperooms.be\/fr\/?s={search_term_string}\"},\"query-input\":{\"@type\":\"PropertyValueSpecification\",\"valueRequired\":true,\"valueName\":\"search_term_string\"}}],\"inLanguage\":\"fr-FR\"},{\"@type\":\"Organization\",\"@id\":\"https:\/\/puzzleescaperooms.be\/fr\/#organization\",\"name\":\"Puzzleescaperooms\",\"url\":\"https:\/\/puzzleescaperooms.be\/fr\/\",\"logo\":{\"@type\":\"ImageObject\",\"inLanguage\":\"fr-FR\",\"@id\":\"https:\/\/puzzleescaperooms.be\/fr\/#\/schema\/logo\/image\/\",\"url\":\"https:\/\/puzzleescaperooms.be\/wp-content\/uploads\/2023\/10\/logo.svg\",\"contentUrl\":\"https:\/\/puzzleescaperooms.be\/wp-content\/uploads\/2023\/10\/logo.svg\",\"caption\":\"Puzzleescaperooms\"},\"image\":{\"@id\":\"https:\/\/puzzleescaperooms.be\/fr\/#\/schema\/logo\/image\/\"},\"sameAs\":[\"https:\/\/www.facebook.com\/PuzzleEscaperooms\/\",\"https:\/\/www.instagram.com\/puzzle_escaperooms\/\",\"https:\/\/www.linkedin.com\/company\/puzzle-activities\/\",\"https:\/\/www.youtube.com\/channel\/UCrn10bPZFZYvqzXaRMjY3Gw\",\"https:\/\/www.tripadvisor.com\/Attraction_Review-g188666-d10063770-Reviews-Puzzle_Escape_Rooms_Ghent-Ghent_East_Flanders_Province.html\"]}]}<\/script>\n<!-- \/ Yoast SEO plugin. -->","yoast_head_json":{"title":"Escape rooms - Puzzle Escape Rooms","description":"Plongez dans un monde d'\u00e9nigmes et de myst\u00e8res aux Puzzle Escape Rooms. Choisissez parmi une vari\u00e9t\u00e9 de th\u00e8mes et de d\u00e9fis pour une activit\u00e9 de groupe inoubliable.","robots":{"index":"index","follow":"follow","max-snippet":"max-snippet:-1","max-image-preview":"max-image-preview:large","max-video-preview":"max-video-preview:-1"},"canonical":"http:\/\/puzzleescaperooms.be\/fr\/escape-rooms\/","og_locale":"fr_FR","og_type":"article","og_title":"Escape rooms - Puzzle Escape Rooms","og_description":"Plongez dans un monde d'\u00e9nigmes et de myst\u00e8res aux Puzzle Escape Rooms. Choisissez parmi une vari\u00e9t\u00e9 de th\u00e8mes et de d\u00e9fis pour une activit\u00e9 de groupe inoubliable.","og_url":"http:\/\/puzzleescaperooms.be\/fr\/escape-rooms\/","og_site_name":"Puzzle Escape Rooms","article_publisher":"https:\/\/www.facebook.com\/PuzzleEscaperooms\/","twitter_card":"summary_large_image","schema":{"@context":"https:\/\/schema.org","@graph":[{"@type":"WebPage","@id":"http:\/\/puzzleescaperooms.be\/fr\/escape-rooms\/","url":"http:\/\/puzzleescaperooms.be\/fr\/escape-rooms\/","name":"Escape rooms - Puzzle Escape Rooms","isPartOf":{"@id":"https:\/\/puzzleescaperooms.be\/fr\/#website"},"datePublished":"2023-11-30T09:56:31+00:00","description":"Plongez dans un monde d'\u00e9nigmes et de myst\u00e8res aux Puzzle Escape Rooms. Choisissez parmi une vari\u00e9t\u00e9 de th\u00e8mes et de d\u00e9fis pour une activit\u00e9 de groupe inoubliable.","breadcrumb":{"@id":"http:\/\/puzzleescaperooms.be\/fr\/escape-rooms\/#breadcrumb"},"inLanguage":"fr-FR","potentialAction":[{"@type":"ReadAction","target":["http:\/\/puzzleescaperooms.be\/fr\/escape-rooms\/"]}]},{"@type":"BreadcrumbList","@id":"http:\/\/puzzleescaperooms.be\/fr\/escape-rooms\/#breadcrumb","itemListElement":[{"@type":"ListItem","position":1,"name":"Home","item":"https:\/\/puzzleescaperooms.be\/fr\/"},{"@type":"ListItem","position":2,"name":"Escape rooms"}]},{"@type":"WebSite","@id":"https:\/\/puzzleescaperooms.be\/fr\/#website","url":"https:\/\/puzzleescaperooms.be\/fr\/","name":"Puzzle Escape Rooms","description":"","publisher":{"@id":"https:\/\/puzzleescaperooms.be\/fr\/#organization"},"potentialAction":[{"@type":"SearchAction","target":{"@type":"EntryPoint","urlTemplate":"https:\/\/puzzleescaperooms.be\/fr\/?s={search_term_string}"},"query-input":{"@type":"PropertyValueSpecification","valueRequired":true,"valueName":"search_term_string"}}],"inLanguage":"fr-FR"},{"@type":"Organization","@id":"https:\/\/puzzleescaperooms.be\/fr\/#organization","name":"Puzzleescaperooms","url":"https:\/\/puzzleescaperooms.be\/fr\/","logo":{"@type":"ImageObject","inLanguage":"fr-FR","@id":"https:\/\/puzzleescaperooms.be\/fr\/#\/schema\/logo\/image\/","url":"https:\/\/puzzleescaperooms.be\/wp-content\/uploads\/2023\/10\/logo.svg","contentUrl":"https:\/\/puzzleescaperooms.be\/wp-content\/uploads\/2023\/10\/logo.svg","caption":"Puzzleescaperooms"},"image":{"@id":"https:\/\/puzzleescaperooms.be\/fr\/#\/schema\/logo\/image\/"},"sameAs":["https:\/\/www.facebook.com\/PuzzleEscaperooms\/","https:\/\/www.instagram.com\/puzzle_escaperooms\/","https:\/\/www.linkedin.com\/company\/puzzle-activities\/","https:\/\/www.youtube.com\/channel\/UCrn10bPZFZYvqzXaRMjY3Gw","https:\/\/www.tripadvisor.com\/Attraction_Review-g188666-d10063770-Reviews-Puzzle_Escape_Rooms_Ghent-Ghent_East_Flanders_Province.html"]}]}},"_links":{"self":[{"href":"https:\/\/puzzleescaperooms.be\/fr\/wp-json\/wp\/v2\/pages\/1409","targetHints":{"allow":["GET"]}}],"collection":[{"href":"https:\/\/puzzleescaperooms.be\/fr\/wp-json\/wp\/v2\/pages"}],"about":[{"href":"https:\/\/puzzleescaperooms.be\/fr\/wp-json\/wp\/v2\/types\/page"}],"author":[{"embeddable":true,"href":"https:\/\/puzzleescaperooms.be\/fr\/wp-json\/wp\/v2\/users\/1"}],"replies":[{"embeddable":true,"href":"https:\/\/puzzleescaperooms.be\/fr\/wp-json\/wp\/v2\/comments?post=1409"}],"version-history":[{"count":0,"href":"https:\/\/puzzleescaperooms.be\/fr\/wp-json\/wp\/v2\/pages\/1409\/revisions"}],"wp:attachment":[{"href":"https:\/\/puzzleescaperooms.be\/fr\/wp-json\/wp\/v2\/media?parent=1409"}],"curies":[{"name":"wp","href":"https:\/\/api.w.org\/{rel}","templated":true}]}}